{"id":764,"date":"2025-03-07T15:23:35","date_gmt":"2025-03-07T18:23:35","guid":{"rendered":"https:\/\/negocionet.com.br\/?post_type=product&#038;p=764"},"modified":"2025-03-07T16:21:24","modified_gmt":"2025-03-07T19:21:24","slug":"barbershop","status":"publish","type":"product","link":"https:\/\/negocionet.com.br\/index.php\/product\/barbershop\/","title":{"rendered":"Barbershop"},"content":{"rendered":"<p><strong>Se a sua empresa ainda n\u00e3o tem um site ou seu site atual n\u00e3o gera resultados,<\/strong><br \/>\n<strong>voc\u00ea est\u00e1 perdendo grandes oportunidades de neg\u00f3cio!<\/strong><\/p>\n<p>Hoje, estar online n\u00e3o \u00e9 mais um diferencial, \u00e9 uma necessidade.<\/p>\n<p>Imagine um site moderno, r\u00e1pido e totalmente personalizado para o seu neg\u00f3cio.<br \/>\nUm site que atrai clientes, gera credibilidade e impulsiona suas vendas 24 horas por dia!<\/p>\n<p>O que voc\u00ea ganha com um site profissional?<\/p>\n<p>\u2705 Mais visibilidade: Seja encontrado no Google e alcance mais clientes.<br \/>\n\u2705 Credibilidade: Transmita confian\u00e7a com um design profissional.<br \/>\n\u2705 Facilidade de contato: Seus clientes poder\u00e3o falar com voc\u00ea de forma r\u00e1pida e pr\u00e1tica.<br \/>\n\u2705 Agendamentos e vendas online: Automatize processos e aumente suas convers\u00f5es.<br \/>\n\u2705 Personaliza\u00e7\u00e3o total: Um site feito sob medida para o seu segmento.<\/p>\n<p>N\u00e3o perca mais tempo! Seu concorrente j\u00e1 pode estar online conquistando clientes.<br \/>\n<strong>D\u00ea o pr\u00f3ximo passo para o sucesso digital da sua empresa!<\/strong><\/p>\n<p><em>Outros segmentos que podem usar este tema:<\/em><br \/>\n<em>Beleza e Est\u00e9tica<\/em><br \/>\n<em>Barbearias<\/em><br \/>\n<em>Sal\u00f5es de beleza<\/em><br \/>\n<em>Cl\u00ednicas de est\u00e9tica<\/em><br \/>\n<em>Spas<\/em><br \/>\n<em>Est\u00fadios de tatuagem e piercing<\/em><br \/>\n<em>Sa\u00fade e Bem-Estar<\/em><br \/>\n<em>Cl\u00ednicas m\u00e9dicas e odontol\u00f3gicas<\/em><br \/>\n<em>Nutricionistas<\/em><br \/>\n<em>Personal trainers<\/em><br \/>\n<em>Massoterapeutas<\/em><br \/>\n<em>Est\u00fadios de yoga e pilates<\/em><br \/>\n<em>e muito mais<\/em><\/p>\n<p>&nbsp;<\/p>\n","protected":false},"excerpt":{"rendered":"<h1>Destaque sua empresa na internet com um site profissional!<\/h1>\n<p>Site profissional completo para a sua empresa, que inclui:<br \/>\n&#8211; Menu de navega\u00e7\u00e3o entre as p\u00e1ginas<br \/>\n&#8211; Bot\u00e3o com link para Whatsapp<br \/>\n&#8211; Bot\u00e3o com link para Redes sociais<br \/>\n&#8211; Banner e Slides de destaque na abertura do site<br \/>\n&#8211; Se\u00e7\u00e3o de caixas de textos, com \u00edcones ou imagens destacadas<br \/>\n&#8211; Galeria de fotos<br \/>\n&#8211; Galeria de v\u00eddeos do Youtube<br \/>\n&#8211; P\u00e1ginas ( Empresa, Servi\u00e7os, Produtos, Contato)<br \/>\n&#8211; Mapa de localiza\u00e7\u00e3o<br \/>\n&#8211; Blog e Artigos<br \/>\n&#8211; Depoimento de clientes<br \/>\n&#8211; N\u00fameros com estat\u00edsticas<br \/>\n&#8211; e demais recursos<\/p>\n","protected":false},"featured_media":765,"comment_status":"open","ping_status":"closed","template":"","meta":[],"product_brand":[],"product_cat":[27],"product_tag":[25,26],"class_list":{"0":"post-764","1":"product","2":"type-product","3":"status-publish","4":"has-post-thumbnail","6":"product_cat-sites","7":"product_tag-barbearia","8":"product_tag-barbershop","10":"first","11":"instock","12":"virtual","13":"purchasable","14":"product-type-simple"},"_links":{"self":[{"href":"https:\/\/negocionet.com.br\/index.php\/wp-json\/wp\/v2\/product\/764","targetHints":{"allow":["GET"]}}],"collection":[{"href":"https:\/\/negocionet.com.br\/index.php\/wp-json\/wp\/v2\/product"}],"about":[{"href":"https:\/\/negocionet.com.br\/index.php\/wp-json\/wp\/v2\/types\/product"}],"replies":[{"embeddable":true,"href":"https:\/\/negocionet.com.br\/index.php\/wp-json\/wp\/v2\/comments?post=764"}],"wp:featuredmedia":[{"embeddable":true,"href":"https:\/\/negocionet.com.br\/index.php\/wp-json\/wp\/v2\/media\/765"}],"wp:attachment":[{"href":"https:\/\/negocionet.com.br\/index.php\/wp-json\/wp\/v2\/media?parent=764"}],"wp:term":[{"taxonomy":"product_brand","embeddable":true,"href":"https:\/\/negocionet.com.br\/index.php\/wp-json\/wp\/v2\/product_brand?post=764"},{"taxonomy":"product_cat","embeddable":true,"href":"https:\/\/negocionet.com.br\/index.php\/wp-json\/wp\/v2\/product_cat?post=764"},{"taxonomy":"product_tag","embeddable":true,"href":"https:\/\/negocionet.com.br\/index.php\/wp-json\/wp\/v2\/product_tag?post=764"}],"curies":[{"name":"wp","href":"https:\/\/api.w.org\/{rel}","templated":true}]}}