{"id":774,"date":"2025-03-07T16:22:02","date_gmt":"2025-03-07T19:22:02","guid":{"rendered":"https:\/\/negocionet.com.br\/?post_type=product&#038;p=774"},"modified":"2025-03-07T16:26:17","modified_gmt":"2025-03-07T19:26:17","slug":"beever","status":"publish","type":"product","link":"https:\/\/negocionet.com.br\/index.php\/product\/beever\/","title":{"rendered":"Beever"},"content":{"rendered":"<p><strong>Se a sua empresa ainda n\u00e3o tem um site ou seu site atual n\u00e3o gera resultados,<\/strong><br \/>\n<strong>voc\u00ea est\u00e1 perdendo grandes oportunidades de neg\u00f3cio!<\/strong><\/p>\n<p>Hoje, estar online n\u00e3o \u00e9 mais um diferencial, \u00e9 uma necessidade.<\/p>\n<p>Imagine um site moderno, r\u00e1pido e totalmente personalizado para o seu neg\u00f3cio.<br \/>\nUm site que atrai clientes, gera credibilidade e impulsiona suas vendas 24 horas por dia!<\/p>\n<p>O que voc\u00ea ganha com um site profissional?<\/p>\n<p>\u2705 Mais visibilidade: Seja encontrado no Google e alcance mais clientes.<br \/>\n\u2705 Credibilidade: Transmita confian\u00e7a com um design profissional.<br \/>\n\u2705 Facilidade de contato: Seus clientes poder\u00e3o falar com voc\u00ea de forma r\u00e1pida e pr\u00e1tica.<br \/>\n\u2705 Agendamentos e vendas online: Automatize processos e aumente suas convers\u00f5es.<br \/>\n\u2705 Personaliza\u00e7\u00e3o total: Um site feito sob medida para o seu segmento.<\/p>\n<p>N\u00e3o perca mais tempo! Seu concorrente j\u00e1 pode estar online conquistando clientes.<br \/>\n<strong>D\u00ea o pr\u00f3ximo passo para o sucesso digital da sua empresa!<\/strong><\/p>\n<p><strong><em>Sugets\u00e3o de segmentos que podem usar este tema:<\/em><\/strong><\/p>\n<p>Design e Comunica\u00e7\u00e3o<br \/>\nDesigners gr\u00e1ficos<br \/>\nDesigners de interiores<br \/>\nDesigners de moda<br \/>\nDesigners de produto<br \/>\nDesigners de UX\/UI<br \/>\nFotografia e Audiovisual<br \/>\nFot\u00f3grafos profissionais<br \/>\nVideomakers e editores de v\u00eddeo<br \/>\nCriadores de conte\u00fado digital<br \/>\nIlustradores e artistas digitais<br \/>\nMarketing e Publicidade<br \/>\nSocial media<br \/>\nRedatores publicit\u00e1rios (copywriters)<br \/>\nAg\u00eancias de publicidade<br \/>\nEspecialistas em branding<br \/>\nProfissionais de tr\u00e1fego pago<br \/>\nArquitetura e Engenharia<br \/>\nArquitetos<br \/>\nEngenheiros civis<br \/>\nPaisagistas<br \/>\nEspecialistas em maquetes eletr\u00f4nicas e modelagem 3D<br \/>\nTecnologia e Desenvolvimento<br \/>\nDesenvolvedores web<br \/>\nProgramadores freelancers<br \/>\nEspecialistas em SEO<br \/>\nCriadores de aplicativos<br \/>\nArtes e Cultura<br \/>\nPintores e ilustradores<br \/>\nEscultores<br \/>\nArtistas pl\u00e1sticos<br \/>\nEscritores e roteiristas<\/p>\n<p>&nbsp;<\/p>\n","protected":false},"excerpt":{"rendered":"<h1>Destaque sua empresa na internet com um site profissional!<\/h1>\n<p>Site profissional completo para a sua empresa, que inclui:<br \/>\n&#8211; Menu de navega\u00e7\u00e3o entre as p\u00e1ginas<br \/>\n&#8211; Bot\u00e3o com link para Whatsapp<br \/>\n&#8211; Bot\u00e3o com link para Redes sociais<br \/>\n&#8211; Banner e Slides de destaque na abertura do site<br \/>\n&#8211; Se\u00e7\u00e3o de caixas de textos, com \u00edcones ou imagens destacadas<br \/>\n&#8211; Galeria de fotos<br \/>\n&#8211; Galeria de v\u00eddeos do Youtube<br \/>\n&#8211; P\u00e1ginas ( Empresa, Servi\u00e7os, Produtos, Contato)<br \/>\n&#8211; Mapa de localiza\u00e7\u00e3o<br \/>\n&#8211; Blog e Artigos<br \/>\n&#8211; Depoimento de clientes<br \/>\n&#8211; N\u00fameros com estat\u00edsticas<br \/>\n&#8211; e demais recursos<\/p>\n","protected":false},"featured_media":775,"comment_status":"open","ping_status":"closed","template":"","meta":[],"product_brand":[],"product_cat":[27],"product_tag":[],"class_list":{"0":"post-774","1":"product","2":"type-product","3":"status-publish","4":"has-post-thumbnail","6":"product_cat-sites","8":"first","9":"instock","10":"virtual","11":"purchasable","12":"product-type-simple"},"_links":{"self":[{"href":"https:\/\/negocionet.com.br\/index.php\/wp-json\/wp\/v2\/product\/774","targetHints":{"allow":["GET"]}}],"collection":[{"href":"https:\/\/negocionet.com.br\/index.php\/wp-json\/wp\/v2\/product"}],"about":[{"href":"https:\/\/negocionet.com.br\/index.php\/wp-json\/wp\/v2\/types\/product"}],"replies":[{"embeddable":true,"href":"https:\/\/negocionet.com.br\/index.php\/wp-json\/wp\/v2\/comments?post=774"}],"wp:featuredmedia":[{"embeddable":true,"href":"https:\/\/negocionet.com.br\/index.php\/wp-json\/wp\/v2\/media\/775"}],"wp:attachment":[{"href":"https:\/\/negocionet.com.br\/index.php\/wp-json\/wp\/v2\/media?parent=774"}],"wp:term":[{"taxonomy":"product_brand","embeddable":true,"href":"https:\/\/negocionet.com.br\/index.php\/wp-json\/wp\/v2\/product_brand?post=774"},{"taxonomy":"product_cat","embeddable":true,"href":"https:\/\/negocionet.com.br\/index.php\/wp-json\/wp\/v2\/product_cat?post=774"},{"taxonomy":"product_tag","embeddable":true,"href":"https:\/\/negocionet.com.br\/index.php\/wp-json\/wp\/v2\/product_tag?post=774"}],"curies":[{"name":"wp","href":"https:\/\/api.w.org\/{rel}","templated":true}]}}